{"id":218,"date":"2023-03-28T13:17:37","date_gmt":"2023-03-28T13:17:37","guid":{"rendered":"http:\/\/czerwie.art\/?page_id=218"},"modified":"2023-04-12T18:17:53","modified_gmt":"2023-04-12T18:17:53","slug":"pokazy-specjalne","status":"publish","type":"page","link":"http:\/\/czerwie.art\/en\/pokazy-specjalne\/","title":{"rendered":"SPECIAL SHOWS"},"content":{"rendered":"<p>Multimedia special show is a meeting of music with photographs and graphics from the journey <a href=\"http:\/\/australia-przygoda.com\/\" target=\"_blank\" rel=\"noreferrer noopener\">of Mark Tomalik<\/a>. Mark as the narrator, leads into the<a rel=\"noreferrer noopener\" href=\"http:\/\/czerwie.art\/index.php\/pokazy-specjalne\/aborygeni\/\" target=\"_blank\"> ancient Australia <\/a>of indigenous peoples or across six continents giving a new and unique dimension to the philosophical tale <a rel=\"noreferrer noopener\" href=\"http:\/\/czerwie.art\/index.php\/maly-ksiaze\/\" target=\"_blank\">\u2018The Little Prince\u2019<\/a> based on Exup\u00e9ry's iconic text. The whole is tied together by the live improvised music of the Czerwie quartet.<\/p>\n\n\n\n<br>\n\n\n\n<figure class=\"wp-block-image size-large\"><img loading=\"lazy\" decoding=\"async\" width=\"1024\" height=\"536\" src=\"http:\/\/czerwie.art\/wp-content\/uploads\/2023\/04\/Aborygeni-internet-1024x536.jpg\" alt=\"\" class=\"wp-image-479\" srcset=\"http:\/\/czerwie.art\/wp-content\/uploads\/2023\/04\/Aborygeni-internet-1024x536.jpg 1024w, http:\/\/czerwie.art\/wp-content\/uploads\/2023\/04\/Aborygeni-internet-300x157.jpg 300w, http:\/\/czerwie.art\/wp-content\/uploads\/2023\/04\/Aborygeni-internet-768x402.jpg 768w, http:\/\/czerwie.art\/wp-content\/uploads\/2023\/04\/Aborygeni-internet.jpg 1200w\" sizes=\"auto, (max-width: 1024px) 100vw, 1024px\" \/><\/figure>\n\n\n\n<br>","protected":false},"excerpt":{"rendered":"<p>Multimedialne pokazy specjalne to spotkanie muzyki z fotografiami i grafikami z podr\u00f3\u017cy Marka Tomalika, kt\u00f3ry w roli narratora prowadzi do swoich \u015bwiat\u00f3w<\/p>\n<p class=\"link-more\"><a class=\"myButt\" href=\"http:\/\/czerwie.art\/en\/pokazy-specjalne\/\">czytaj wi\u0119cej&#8230;<\/a><\/p>","protected":false},"author":1,"featured_media":0,"parent":0,"menu_order":0,"comment_status":"closed","ping_status":"closed","template":"","meta":{"footnotes":""},"class_list":["post-218","page","type-page","status-publish","hentry"],"_links":{"self":[{"href":"http:\/\/czerwie.art\/en\/wp-json\/wp\/v2\/pages\/218","targetHints":{"allow":["GET"]}}],"collection":[{"href":"http:\/\/czerwie.art\/en\/wp-json\/wp\/v2\/pages"}],"about":[{"href":"http:\/\/czerwie.art\/en\/wp-json\/wp\/v2\/types\/page"}],"author":[{"embeddable":true,"href":"http:\/\/czerwie.art\/en\/wp-json\/wp\/v2\/users\/1"}],"replies":[{"embeddable":true,"href":"http:\/\/czerwie.art\/en\/wp-json\/wp\/v2\/comments?post=218"}],"version-history":[{"count":5,"href":"http:\/\/czerwie.art\/en\/wp-json\/wp\/v2\/pages\/218\/revisions"}],"predecessor-version":[{"id":484,"href":"http:\/\/czerwie.art\/en\/wp-json\/wp\/v2\/pages\/218\/revisions\/484"}],"wp:attachment":[{"href":"http:\/\/czerwie.art\/en\/wp-json\/wp\/v2\/media?parent=218"}],"curies":[{"name":"wp","href":"https:\/\/api.w.org\/{rel}","templated":true}]}}