{"id":222,"date":"2023-03-28T13:21:41","date_gmt":"2023-03-28T13:21:41","guid":{"rendered":"http:\/\/czerwie.art\/?page_id=222"},"modified":"2024-12-06T19:47:25","modified_gmt":"2024-12-06T19:47:25","slug":"aborygeni","status":"publish","type":"page","link":"http:\/\/czerwie.art\/en\/pokazy-specjalne\/aborygeni\/","title":{"rendered":"The Aborigines"},"content":{"rendered":"<div class=\"wp-block-group\"><div class=\"wp-block-group__inner-container is-layout-constrained wp-block-group-is-layout-constrained\">\n<div class=\"wp-block-group\"><div class=\"wp-block-group__inner-container is-layout-constrained wp-block-group-is-layout-constrained\">\n<div class=\"wp-block-group\"><div class=\"wp-block-group__inner-container is-layout-constrained wp-block-group-is-layout-constrained\">\n<p>Australian Aboriginal culture turns our Western notion of land ownership upside down. For Aboriginal people, the land is owned by the individual. <\/p>\n\n\n\n<p>Co wi\u0119cej, niekt\u00f3re cz\u0119\u015bci krajobrazu wywieraj\u0105 metafizyczny magnetyzm, wci\u0105gaj\u0105 cz\u0142owieka, nawet z du\u017cej odleg\u0142o\u015bci. Jest w tym g\u0142\u0119boko zakorzeniony transcendentalny obowi\u0105zek powrotu. W przeciwnym razie wewn\u0119trzne &#8222;ja&#8221; usycha i umiera. Walkabout, duchowa podr\u00f3\u017c Aborygen\u00f3w na pustyni jest odpowiednikiem pielgrzymki, rytua\u0142em przej\u015bcia.<\/p>\n<\/div><\/div>\n<\/div><\/div>\n<\/div><\/div>\n\n\n\n<p>Here is a mythical, ancient land of Aboriginal red sands, desert singing paths, strange creatures, boundless plains, unusual vegetation. The Totemic Ancestors did not create the world with spells, but through their actions. At the same time, they were part of it. Aborigines feel they are an integral part of nature, not, like most whites, someone better than an animal, plant or rock.<\/p>\n\n\n\n<p><strong>The stories will be coloured by the live sounds of the Czerwie quartet, the best live music performance group for silent films in the country.&nbsp;<\/strong><\/p>\n\n\n\n<p><strong>Mark Tomalik<\/strong>&nbsp;- Traveller, press and radio journalist, geologist by profession, Bielsko-Bia\u0142a resident. Passionate about and an expert on Australia, to which he has been travelling regularly since 1989. Organises expeditions in the Outback (www.wsednosprawy.pl). Creator and organiser of the 23rd edition of the \u2018Three Elements\u2019 Travellers Festival and many other artistic events. Manager of rock bands. Writes about travel and music. Regular contributor to National Geographic and Jazz Forum. Author of books about travelling. For 15 years he hosted the travellers' programme \u201cGlobtroter\u201d on Radio Krak\u00f3w, and for several years had a regular column in Przekr\u00f3j \u201cNastaw uszu\u201d. He sat on the jury of Travelers - prestigious awards granted by National Geographic. He chaired the deliberations of the chapter of the Three Elements. Two-time winner of Kolosy. Currently has his own travel programme on RMF Classic. Australia is his \u2018place on earth\u2019, but he always returns to the Beskids. Author of three books about the fifth continent: \u2018Australia, my love\u2019, \u201cLady Australia\u201d and \u201cAustralia, where flowers are born from fire\u201d.<a rel=\"noreferrer noopener\" href=\"http:\/\/www.australia-przygoda.com\" target=\"_blank\"> Mark's page<\/a>.<\/p>\n\n\n\n<figure class=\"wp-block-embed is-type-video is-provider-youtube wp-block-embed-youtube wp-embed-aspect-16-9 wp-has-aspect-ratio\"><div class=\"wp-block-embed__wrapper\">\n<iframe loading=\"lazy\" title=\"ABORYGENI \u2013 rdzenni Australijczycy! \u2013 featuring Marek Tomalik &amp; Kwartet CZERWIE\" width=\"640\" height=\"360\" src=\"https:\/\/www.youtube.com\/embed\/9hXOKSdZfsQ?feature=oembed\" frameborder=\"0\" allow=\"accelerometer; autoplay; clipboard-write; encrypted-media; gyroscope; picture-in-picture; web-share\" referrerpolicy=\"strict-origin-when-cross-origin\" allowfullscreen><\/iframe>\n<\/div><\/figure>\n\n\n\n<br>\n\n\n\n<figure class=\"wp-block-embed is-type-video is-provider-youtube wp-block-embed-youtube wp-embed-aspect-16-9 wp-has-aspect-ratio\"><div class=\"wp-block-embed__wrapper\">\n<iframe loading=\"lazy\" title=\"ABORYGENI \u2013 rdzenni Australijczycy! \u2013 feat. Marek Tomalik &amp; Piotr Damasiewicz &amp; CZERWIE\" width=\"640\" height=\"360\" src=\"https:\/\/www.youtube.com\/embed\/vWu6HrCeEB0?feature=oembed\" frameborder=\"0\" allow=\"accelerometer; autoplay; clipboard-write; encrypted-media; gyroscope; picture-in-picture; web-share\" referrerpolicy=\"strict-origin-when-cross-origin\" allowfullscreen><\/iframe>\n<\/div><\/figure>\n\n\n\n<br>","protected":false},"excerpt":{"rendered":"<p>Australijska kultura Aborygen\u00f3w odwraca g\u00f3ry nogami nasze zachodnie poj\u0119cie w\u0142asno\u015bci ziemi. Dla Aborygen\u00f3w to ziemia jest w\u0142a\u015bcicielem jednostki. Co wi\u0119cej, niekt\u00f3re cz\u0119\u015bci<\/p>\n<p class=\"link-more\"><a class=\"myButt\" href=\"http:\/\/czerwie.art\/en\/pokazy-specjalne\/aborygeni\/\">czytaj wi\u0119cej&#8230;<\/a><\/p>","protected":false},"author":1,"featured_media":773,"parent":218,"menu_order":1,"comment_status":"closed","ping_status":"closed","template":"","meta":{"footnotes":""},"class_list":["post-222","page","type-page","status-publish","has-post-thumbnail","hentry"],"_links":{"self":[{"href":"http:\/\/czerwie.art\/en\/wp-json\/wp\/v2\/pages\/222","targetHints":{"allow":["GET"]}}],"collection":[{"href":"http:\/\/czerwie.art\/en\/wp-json\/wp\/v2\/pages"}],"about":[{"href":"http:\/\/czerwie.art\/en\/wp-json\/wp\/v2\/types\/page"}],"author":[{"embeddable":true,"href":"http:\/\/czerwie.art\/en\/wp-json\/wp\/v2\/users\/1"}],"replies":[{"embeddable":true,"href":"http:\/\/czerwie.art\/en\/wp-json\/wp\/v2\/comments?post=222"}],"version-history":[{"count":22,"href":"http:\/\/czerwie.art\/en\/wp-json\/wp\/v2\/pages\/222\/revisions"}],"predecessor-version":[{"id":926,"href":"http:\/\/czerwie.art\/en\/wp-json\/wp\/v2\/pages\/222\/revisions\/926"}],"up":[{"embeddable":true,"href":"http:\/\/czerwie.art\/en\/wp-json\/wp\/v2\/pages\/218"}],"wp:featuredmedia":[{"embeddable":true,"href":"http:\/\/czerwie.art\/en\/wp-json\/wp\/v2\/media\/773"}],"wp:attachment":[{"href":"http:\/\/czerwie.art\/en\/wp-json\/wp\/v2\/media?parent=222"}],"curies":[{"name":"wp","href":"https:\/\/api.w.org\/{rel}","templated":true}]}}