{"id":52,"date":"2023-03-24T09:54:08","date_gmt":"2023-03-24T09:54:08","guid":{"rendered":"http:\/\/czerwie.art\/?page_id=52"},"modified":"2023-04-04T21:41:44","modified_gmt":"2023-04-04T21:41:44","slug":"charlie-zolnierzem","status":"publish","type":"page","link":"http:\/\/czerwie.art\/en\/muzyka-do-filmow\/charlie-zolnierzem\/","title":{"rendered":"Shoulder Arms"},"content":{"rendered":"<p>\u2018Shoulder Arms\u2019 (1918 ), dir: Ch. Chaplin, Time .45 min<\/p>\n\n\n\n<p>Charlie is a private, taking part in exercises during the First World War. The unit our protagonist is in is made up of extremely clumsy soldiers, and Charlie outdoes everyone else with his incompetence. At night he has a dream about his wartime exploits, during which he volunteers to make an outing on the enemy side. Was it all just a dream?<\/p>\n\n\n\n<br>\n\n\n\n<figure class=\"wp-block-image size-large\"><img loading=\"lazy\" decoding=\"async\" width=\"1024\" height=\"761\" src=\"http:\/\/czerwie.art\/wp-content\/uploads\/2023\/04\/Charlie-zolnierzem-plakat-ok-1024x761.jpg\" alt=\"\" class=\"wp-image-330\" srcset=\"http:\/\/czerwie.art\/wp-content\/uploads\/2023\/04\/Charlie-zolnierzem-plakat-ok-1024x761.jpg 1024w, http:\/\/czerwie.art\/wp-content\/uploads\/2023\/04\/Charlie-zolnierzem-plakat-ok-300x223.jpg 300w, http:\/\/czerwie.art\/wp-content\/uploads\/2023\/04\/Charlie-zolnierzem-plakat-ok-768x571.jpg 768w, http:\/\/czerwie.art\/wp-content\/uploads\/2023\/04\/Charlie-zolnierzem-plakat-ok-1536x1142.jpg 1536w, http:\/\/czerwie.art\/wp-content\/uploads\/2023\/04\/Charlie-zolnierzem-plakat-ok-2048x1523.jpg 2048w\" sizes=\"auto, (max-width: 1024px) 100vw, 1024px\" \/><\/figure>","protected":false},"excerpt":{"rendered":"<p>\u201eCharlie \u017bo\u0142nierzem\u201d (1918 ), re\u017c.: Ch. Chaplin, Czas .45 min Charlie jest szeregowcem, bior\u0105cym udzia\u0142 w \u0107wiczeniach podczas I wojny \u015bwiatowej. Oddzia\u0142,<\/p>\n<p class=\"link-more\"><a class=\"myButt\" href=\"http:\/\/czerwie.art\/en\/muzyka-do-filmow\/charlie-zolnierzem\/\">czytaj wi\u0119cej&#8230;<\/a><\/p>","protected":false},"author":1,"featured_media":251,"parent":9,"menu_order":3,"comment_status":"closed","ping_status":"closed","template":"","meta":{"footnotes":""},"class_list":["post-52","page","type-page","status-publish","has-post-thumbnail","hentry"],"_links":{"self":[{"href":"http:\/\/czerwie.art\/en\/wp-json\/wp\/v2\/pages\/52","targetHints":{"allow":["GET"]}}],"collection":[{"href":"http:\/\/czerwie.art\/en\/wp-json\/wp\/v2\/pages"}],"about":[{"href":"http:\/\/czerwie.art\/en\/wp-json\/wp\/v2\/types\/page"}],"author":[{"embeddable":true,"href":"http:\/\/czerwie.art\/en\/wp-json\/wp\/v2\/users\/1"}],"replies":[{"embeddable":true,"href":"http:\/\/czerwie.art\/en\/wp-json\/wp\/v2\/comments?post=52"}],"version-history":[{"count":3,"href":"http:\/\/czerwie.art\/en\/wp-json\/wp\/v2\/pages\/52\/revisions"}],"predecessor-version":[{"id":332,"href":"http:\/\/czerwie.art\/en\/wp-json\/wp\/v2\/pages\/52\/revisions\/332"}],"up":[{"embeddable":true,"href":"http:\/\/czerwie.art\/en\/wp-json\/wp\/v2\/pages\/9"}],"wp:featuredmedia":[{"embeddable":true,"href":"http:\/\/czerwie.art\/en\/wp-json\/wp\/v2\/media\/251"}],"wp:attachment":[{"href":"http:\/\/czerwie.art\/en\/wp-json\/wp\/v2\/media?parent=52"}],"curies":[{"name":"wp","href":"https:\/\/api.w.org\/{rel}","templated":true}]}}