{"id":596,"date":"2023-04-15T18:41:05","date_gmt":"2023-04-15T18:41:05","guid":{"rendered":"http:\/\/czerwie.art\/?page_id=596"},"modified":"2025-09-03T13:06:30","modified_gmt":"2025-09-03T13:06:30","slug":"dyskografia","status":"publish","type":"page","link":"https:\/\/czerwie.art\/en\/dyskografia\/","title":{"rendered":"DISCOGRAPHY"},"content":{"rendered":"<p>The musicians have six original albums in their discography:<\/p>\n\n\n\n<p>\u201ePadlina\u201d (2004); \u201eOtwarta Sztuka dla Ludu\u201d (2008); \u201eMelan\u017c\u201d (2012); \u201eCzerwie Nosferatu Live\u201d (2013); \u201eMania\u201d (2016); \u201eMetropolis\u201d (2017). Gabinet Dr.Caligari  (2025)  Cz\u0119\u015b\u0107 z nich mo\u017cna ods\u0142ucha\u0107 na platformie spotify<\/p>","protected":false},"excerpt":{"rendered":"<p>W swojej dyskografii muzycy maj\u0105 6 autorskich album\u00f3w: \u201ePadlina\u201d (2004); \u201eOtwarta Sztuka dla Ludu\u201d (2008); \u201eMelan\u017c\u201d (2012); \u201eCzerwie Nosferatu Live\u201d (2013); \u201eMania\u201d<\/p>\n<p class=\"link-more\"><a class=\"myButt\" href=\"https:\/\/czerwie.art\/en\/dyskografia\/\">czytaj wi\u0119cej&#8230;<\/a><\/p>","protected":false},"author":1,"featured_media":688,"parent":0,"menu_order":0,"comment_status":"closed","ping_status":"closed","template":"","meta":{"footnotes":""},"class_list":["post-596","page","type-page","status-publish","has-post-thumbnail","hentry"],"_links":{"self":[{"href":"https:\/\/czerwie.art\/en\/wp-json\/wp\/v2\/pages\/596","targetHints":{"allow":["GET"]}}],"collection":[{"href":"https:\/\/czerwie.art\/en\/wp-json\/wp\/v2\/pages"}],"about":[{"href":"https:\/\/czerwie.art\/en\/wp-json\/wp\/v2\/types\/page"}],"author":[{"embeddable":true,"href":"https:\/\/czerwie.art\/en\/wp-json\/wp\/v2\/users\/1"}],"replies":[{"embeddable":true,"href":"https:\/\/czerwie.art\/en\/wp-json\/wp\/v2\/comments?post=596"}],"version-history":[{"count":2,"href":"https:\/\/czerwie.art\/en\/wp-json\/wp\/v2\/pages\/596\/revisions"}],"predecessor-version":[{"id":994,"href":"https:\/\/czerwie.art\/en\/wp-json\/wp\/v2\/pages\/596\/revisions\/994"}],"wp:featuredmedia":[{"embeddable":true,"href":"https:\/\/czerwie.art\/en\/wp-json\/wp\/v2\/media\/688"}],"wp:attachment":[{"href":"https:\/\/czerwie.art\/en\/wp-json\/wp\/v2\/media?parent=596"}],"curies":[{"name":"wp","href":"https:\/\/api.w.org\/{rel}","templated":true}]}}