{"id":9,"date":"2023-03-23T17:12:25","date_gmt":"2023-03-23T17:12:25","guid":{"rendered":"https:\/\/czerwie.art\/?page_id=9"},"modified":"2025-12-16T00:01:26","modified_gmt":"2025-12-16T00:01:26","slug":"muzyka-do-filmow","status":"publish","type":"page","link":"https:\/\/czerwie.art\/en\/muzyka-do-filmow\/","title":{"rendered":"Music for movies"},"content":{"rendered":"The band Czerwie has created original music, which it performs live for the following films:\n<p style=\"margin: 0cm; margin-bottom: .0001pt; line-height: 150%;\"><a href=\"http:\/\/czerwie.art\/index.php\/muzyka-do-filmow\/bestia\/\">\u2018The Beast\u2019<\/a> (1917), dir. A. Herz<\/p>\n<p style=\"margin: 0cm; margin-bottom: .0001pt; line-height: 150%;\"><a href=\"http:\/\/czerwie.art\/index.php\/muzyka-do-filmow\/brzdac\/\" target=\"_blank\" rel=\"noopener\">'The kid'<\/a> (1921), dir. Ch. Chaplin<\/p>\n<p style=\"margin: 0cm; margin-bottom: .0001pt; line-height: 150%;\"><a href=\"http:\/\/czerwie.art\/index.php\/muzyka-do-filmow\/charlie-zolnierzem\/\" target=\"_blank\" rel=\"noopener\">\u2018Shoulder Arms\u2019<\/a> (1918), dir. Ch. Chaplin<\/p>\n<p style=\"margin: 0cm; margin-bottom: .0001pt; line-height: 150%;\"><a href=\"http:\/\/czerwie.art\/index.php\/muzyka-do-filmow\/cud-nad-wisla\/\" target=\"_blank\" rel=\"noopener\">\u2018Cud nad Wisla\/Miracle on the Vistula\u2019<\/a> (1921), dir. R. Boles\u0142awski<\/p>\n&#8222;Cyrk&#8221; (1928) re\u017c.Ch.Chaplin\n<p style=\"margin: 0cm; margin-bottom: .0001pt; line-height: 150%;\"><a href=\"http:\/\/czerwie.art\/index.php\/muzyka-do-filmow\/gabinet-doktora-caligari\/\" target=\"_blank\" rel=\"noopener\">\u2018The Cabinet of Dr Caligari\u2019<\/a> (1920), dir. R. Wiene<\/p>\n<p style=\"margin: 0cm; margin-bottom: .0001pt; line-height: 150%;\"><a href=\"http:\/\/czerwie.art\/index.php\/muzyka-do-filmow\/kult-ciala\/\" target=\"_blank\" rel=\"noopener\">\u2018The Cult of the Body\u2019<\/a> (1929), dir. M. Waszy\u0144ski<\/p>\n<p style=\"margin: 0cm; margin-bottom: .0001pt; line-height: 150%;\"><a href=\"http:\/\/czerwie.art\/index.php\/muzyka-do-filmow\/mania\/\" target=\"_blank\" rel=\"noopener\">\u2018Mania. The story of a cigarette factory worker\u2019<\/a> (1918), dir. E. Illes<\/p>\n<p style=\"margin: 0cm; margin-bottom: .0001pt; line-height: 150%;\"><a href=\"http:\/\/czerwie.art\/index.php\/muzyka-do-filmow\/metropolis\/\" target=\"_blank\" rel=\"noopener\">\u2018Metropolis\u2019<\/a>(1927), dir. F. Lang<\/p>\n<p style=\"margin: 0cm; margin-bottom: .0001pt; line-height: 150%;\"><a href=\"http:\/\/czerwie.art\/index.php\/muzyka-do-filmow\/mumia\/\" target=\"_blank\" rel=\"noopener\">\u2018The Mummy\u2019<\/a> (1932), dir. <em>Karl Freund<\/em><\/p>\n<p style=\"margin: 0cm; margin-bottom: .0001pt; line-height: 150%;\"><a href=\"http:\/\/czerwie.art\/index.php\/muzyka-do-filmow\/nosferatu-symfonia-grozy\/\" target=\"_blank\" rel=\"noopener\">\u2018Nosferatu: A Symphony of Horror\u2019<\/a> (1922), dir. F. W. Murnau<\/p>\n<p style=\"margin: 0cm; margin-bottom: .0001pt; line-height: 150%;\"><a href=\"http:\/\/czerwie.art\/index.php\/muzyka-do-filmow\/pan-tadeusz\/\" target=\"_blank\" rel=\"noopener\">\u2018Pan Tadeusz\u2019<\/a> (1928), dir. R. Ordy\u0144ski<\/p>\n<p style=\"margin: 0cm; margin-bottom: .0001pt; line-height: 150%;\">\u2018<a href=\"http:\/\/czerwie.art\/index.php\/muzyka-do-filmow\/pan-tadeusz\/\" target=\"_blank\" rel=\"noopener\">Saturday Mountain\u2019.<\/a> (2011), dir. M. Filipiak<\/p>\n<!-- \/wp:post-content --><!-- wp:paragraph -->\n\n<!-- \/wp:paragraph --><!-- wp:paragraph -->\n\n<!-- \/wp:paragraph -->\n\n<!-- wp:paragraph -->\n\n<!-- \/wp:paragraph -->\n\n<!-- wp:paragraph -->\n\n<!-- \/wp:paragraph -->","protected":false},"excerpt":{"rendered":"<p>Zesp\u00f3\u0142 Czerwie stworzy\u0142 autorsk\u0105 muzyk\u0119, kt\u00f3r\u0105 wykonuje na \u017cywo do nast\u0119puj\u0105cych film\u00f3w: \u201eBestia\u201d (1917), re\u017c. A. Herz \u201eBrzd\u0105c\u201d (1921), re\u017c. Ch. Chaplin<\/p>\n<p class=\"link-more\"><a class=\"myButt\" href=\"https:\/\/czerwie.art\/en\/muzyka-do-filmow\/\">czytaj wi\u0119cej&#8230;<\/a><\/p>","protected":false},"author":1,"featured_media":245,"parent":0,"menu_order":0,"comment_status":"closed","ping_status":"closed","template":"","meta":{"footnotes":""},"class_list":["post-9","page","type-page","status-publish","has-post-thumbnail","hentry"],"_links":{"self":[{"href":"https:\/\/czerwie.art\/en\/wp-json\/wp\/v2\/pages\/9","targetHints":{"allow":["GET"]}}],"collection":[{"href":"https:\/\/czerwie.art\/en\/wp-json\/wp\/v2\/pages"}],"about":[{"href":"https:\/\/czerwie.art\/en\/wp-json\/wp\/v2\/types\/page"}],"author":[{"embeddable":true,"href":"https:\/\/czerwie.art\/en\/wp-json\/wp\/v2\/users\/1"}],"replies":[{"embeddable":true,"href":"https:\/\/czerwie.art\/en\/wp-json\/wp\/v2\/comments?post=9"}],"version-history":[{"count":12,"href":"https:\/\/czerwie.art\/en\/wp-json\/wp\/v2\/pages\/9\/revisions"}],"predecessor-version":[{"id":1018,"href":"https:\/\/czerwie.art\/en\/wp-json\/wp\/v2\/pages\/9\/revisions\/1018"}],"wp:featuredmedia":[{"embeddable":true,"href":"https:\/\/czerwie.art\/en\/wp-json\/wp\/v2\/media\/245"}],"wp:attachment":[{"href":"https:\/\/czerwie.art\/en\/wp-json\/wp\/v2\/media?parent=9"}],"curies":[{"name":"wp","href":"https:\/\/api.w.org\/{rel}","templated":true}]}}